{"id":86,"date":"2019-04-18T18:58:25","date_gmt":"2019-04-18T18:58:25","guid":{"rendered":"http:\/\/thfmoto.se\/?page_id=86"},"modified":"2023-01-02T07:28:07","modified_gmt":"2023-01-02T07:28:07","slug":"crossdack","status":"publish","type":"page","link":"https:\/\/thfmoto.se\/?page_id=86","title":{"rendered":"Off road d\u00e4ck"},"content":{"rendered":"\t\t<div data-elementor-type=\"wp-page\" data-elementor-id=\"86\" class=\"elementor elementor-86\" data-elementor-settings=\"[]\">\n\t\t\t\t\t\t\t<div class=\"elementor-section-wrap\">\n\t\t\t\t\t\t\t<section class=\"elementor-section elementor-top-section elementor-element elementor-element-7ac8dc78 elementor-section-boxed elementor-section-height-default elementor-section-height-default\" data-id=\"7ac8dc78\" data-element_type=\"section\" data-settings=\"{&quot;background_background&quot;:&quot;classic&quot;,&quot;shape_divider_bottom&quot;:&quot;tilt&quot;}\">\n\t\t\t\t\t<div class=\"elementor-shape elementor-shape-bottom\" data-negative=\"false\">\n\t\t\t<svg xmlns=\"http:\/\/www.w3.org\/2000\/svg\" viewBox=\"0 0 1000 100\" preserveAspectRatio=\"none\">\n\t<path class=\"elementor-shape-fill\" d=\"M0,6V0h1000v100L0,6z\"\/>\n<\/svg>\t\t<\/div>\n\t\t\t\t\t<div class=\"elementor-container elementor-column-gap-default\">\n\t\t\t\t\t<div class=\"elementor-column elementor-col-100 elementor-top-column elementor-element elementor-element-75620ea2\" data-id=\"75620ea2\" data-element_type=\"column\" data-settings=\"{&quot;background_background&quot;:&quot;slideshow&quot;,&quot;background_slideshow_gallery&quot;:[],&quot;background_slideshow_loop&quot;:&quot;yes&quot;,&quot;background_slideshow_slide_duration&quot;:5000,&quot;background_slideshow_slide_transition&quot;:&quot;fade&quot;,&quot;background_slideshow_transition_duration&quot;:500}\">\n\t\t\t<div class=\"elementor-widget-wrap elementor-element-populated\">\n\t\t\t\t\t\t\t\t<div class=\"elementor-element elementor-element-3dbc629 elementor-widget elementor-widget-heading\" data-id=\"3dbc629\" data-element_type=\"widget\" data-widget_type=\"heading.default\">\n\t\t\t\t<div class=\"elementor-widget-container\">\n\t\t\t<style>\/*! elementor - v3.5.6 - 28-02-2022 *\/\n.elementor-heading-title{padding:0;margin:0;line-height:1}.elementor-widget-heading .elementor-heading-title[class*=elementor-size-]>a{color:inherit;font-size:inherit;line-height:inherit}.elementor-widget-heading .elementor-heading-title.elementor-size-small{font-size:15px}.elementor-widget-heading .elementor-heading-title.elementor-size-medium{font-size:19px}.elementor-widget-heading .elementor-heading-title.elementor-size-large{font-size:29px}.elementor-widget-heading .elementor-heading-title.elementor-size-xl{font-size:39px}.elementor-widget-heading .elementor-heading-title.elementor-size-xxl{font-size:59px}<\/style><h1 class=\"elementor-heading-title elementor-size-xxl\">Off Road D\u00e4ck<\/h1>\t\t<\/div>\n\t\t\t\t<\/div>\n\t\t\t\t<div class=\"elementor-element elementor-element-5d76fecd elementor-widget elementor-widget-text-editor\" data-id=\"5d76fecd\" data-element_type=\"widget\" data-widget_type=\"text-editor.default\">\n\t\t\t\t<div class=\"elementor-widget-container\">\n\t\t\t<style>\/*! elementor - v3.5.6 - 28-02-2022 *\/\n.elementor-widget-text-editor.elementor-drop-cap-view-stacked .elementor-drop-cap{background-color:#818a91;color:#fff}.elementor-widget-text-editor.elementor-drop-cap-view-framed .elementor-drop-cap{color:#818a91;border:3px solid;background-color:transparent}.elementor-widget-text-editor:not(.elementor-drop-cap-view-default) .elementor-drop-cap{margin-top:8px}.elementor-widget-text-editor:not(.elementor-drop-cap-view-default) .elementor-drop-cap-letter{width:1em;height:1em}.elementor-widget-text-editor .elementor-drop-cap{float:left;text-align:center;line-height:1;font-size:50px}.elementor-widget-text-editor .elementor-drop-cap-letter{display:inline-block}<\/style>\t\t\t\t<p style=\"text-align: center;\"><strong>Prestanda, m\u00e5ngsidig och banbrytande teknologi g\u00f6r det m\u00f6jligt att med Bridgestone&#8217;s off road-d\u00e4ck er\u00f6vra alla typer av terr\u00e4ng.<\/strong><\/p>\t\t\t\t\t\t<\/div>\n\t\t\t\t<\/div>\n\t\t\t\t\t<\/div>\n\t\t<\/div>\n\t\t\t\t\t\t\t<\/div>\n\t\t<\/section>\n\t\t\t\t<section class=\"elementor-section elementor-top-section elementor-element elementor-element-2d90060 elementor-section-boxed elementor-section-height-default elementor-section-height-default\" data-id=\"2d90060\" data-element_type=\"section\">\n\t\t\t\t\t\t<div class=\"elementor-container elementor-column-gap-default\">\n\t\t\t\t\t<div class=\"elementor-column elementor-col-100 elementor-top-column elementor-element elementor-element-ab641f1\" data-id=\"ab641f1\" data-element_type=\"column\">\n\t\t\t<div class=\"elementor-widget-wrap elementor-element-populated\">\n\t\t\t\t\t\t\t\t<div class=\"elementor-element elementor-element-4792a42 elementor-widget elementor-widget-text-editor\" data-id=\"4792a42\" data-element_type=\"widget\" data-widget_type=\"text-editor.default\">\n\t\t\t\t<div class=\"elementor-widget-container\">\n\t\t\t\t\t\t\t<p><!-- wp:paragraph {\"fontSize\":\"small\"} --><\/p>\n<p class=\"has-small-font-size\"><strong><em>Dessa d\u00e4ckmodeller har vi hemma p\u00e5 lager.<\/em><\/strong><br \/><strong><em>\u00c4r du intresserad av andra s\u00e5 g\u00e5r det att best\u00e4lla, kontakta oss i s\u00e5 fall.<\/em><\/strong><\/p>\n<p><!-- \/wp:paragraph --><\/p>\n<p><!-- wp:block {\"ref\":\"reusable116\"} \/--><\/p>\t\t\t\t\t\t<\/div>\n\t\t\t\t<\/div>\n\t\t\t\t\t<\/div>\n\t\t<\/div>\n\t\t\t\t\t\t\t<\/div>\n\t\t<\/section>\n\t\t\t\t<section class=\"elementor-section elementor-top-section elementor-element elementor-element-ca12f10 elementor-section-boxed elementor-section-height-default elementor-section-height-default\" data-id=\"ca12f10\" data-element_type=\"section\">\n\t\t\t\t\t\t<div class=\"elementor-container elementor-column-gap-default\">\n\t\t\t\t\t<div class=\"elementor-column elementor-col-50 elementor-top-column elementor-element elementor-element-51ac0a4\" data-id=\"51ac0a4\" data-element_type=\"column\">\n\t\t\t<div class=\"elementor-widget-wrap elementor-element-populated\">\n\t\t\t\t\t\t\t\t<div class=\"elementor-element elementor-element-58cd895 elementor-widget elementor-widget-heading\" data-id=\"58cd895\" data-element_type=\"widget\" data-widget_type=\"heading.default\">\n\t\t\t\t<div class=\"elementor-widget-container\">\n\t\t\t<h2 class=\"elementor-heading-title elementor-size-medium\">Battlecross X31 - Nya<\/h2>\t\t<\/div>\n\t\t\t\t<\/div>\n\t\t\t\t<div class=\"elementor-element elementor-element-abf86fb elementor-widget elementor-widget-text-editor\" data-id=\"abf86fb\" data-element_type=\"widget\" data-widget_type=\"text-editor.default\">\n\t\t\t\t<div class=\"elementor-widget-container\">\n\t\t\t\t\t\t\t<div class=\"hide-s sc-bs-product\">\n<div class=\"product__details__desc sc-bs-product\">Battlecross X31 \u00e4r Bridgestones senaste tillskott f\u00f6r terr\u00e4ngk\u00f6rning. Den bygger vidare p\u00e5 framg\u00e5ngen med sin f\u00f6reg\u00e5ngare och f\u00f6rb\u00e4ttrar sig p\u00e5 alla de omr\u00e5den som \u00e4r viktiga f\u00f6r att bygga en n\u00f6dv\u00e4ndigt sj\u00e4lvf\u00f6rtroende f\u00f6r din n\u00e4sta seger, \u00e4ven i sv\u00e5ra f\u00f6rh\u00e5llanden.<\/div>\n<\/div>\n<div class=\"product__details__list sc-bs-product\">\n<ul class=\"sc-bs-product\">\n<li class=\"sc-bs-product\">Teknik f\u00f6r att \u00f6ka din prestanda<\/li>\n<li class=\"sc-bs-product\">F\u00f6rb\u00e4ttrad f\u00e4ste<\/li>\n<li class=\"sc-bs-product\">St\u00f6rre stabilitet och b\u00e4ttre grepp<\/li>\n<li class=\"sc-bs-product\">St\u00f6rre r\u00e4ckvidd i mjuk-medelh\u00f6g terr\u00e4ng<\/li>\n<\/ul>\n<\/div>\t\t\t\t\t\t<\/div>\n\t\t\t\t<\/div>\n\t\t\t\t<div class=\"elementor-element elementor-element-40065bc elementor-widget elementor-widget-button\" data-id=\"40065bc\" data-element_type=\"widget\" data-widget_type=\"button.default\">\n\t\t\t\t<div class=\"elementor-widget-container\">\n\t\t\t\t\t<div class=\"elementor-button-wrapper\">\n\t\t\t<a href=\"https:\/\/www.bridgestone.se\/our-products\/motorcykel-daeck\/off-road\/battlecross-x31\" target=\"_blank\" class=\"elementor-button-link elementor-button elementor-size-sm\" role=\"button\">\n\t\t\t\t\t\t<span class=\"elementor-button-content-wrapper\">\n\t\t\t\t\t\t<span class=\"elementor-button-text\">Mer information<\/span>\n\t\t<\/span>\n\t\t\t\t\t<\/a>\n\t\t<\/div>\n\t\t\t\t<\/div>\n\t\t\t\t<\/div>\n\t\t\t\t\t<\/div>\n\t\t<\/div>\n\t\t\t\t<div class=\"elementor-column elementor-col-50 elementor-top-column elementor-element elementor-element-0882b35\" data-id=\"0882b35\" data-element_type=\"column\">\n\t\t\t<div class=\"elementor-widget-wrap elementor-element-populated\">\n\t\t\t\t\t\t\t\t<div class=\"elementor-element elementor-element-c70f54b elementor-widget elementor-widget-image\" data-id=\"c70f54b\" data-element_type=\"widget\" data-widget_type=\"image.default\">\n\t\t\t\t<div class=\"elementor-widget-container\">\n\t\t\t<style>\/*! elementor - v3.5.6 - 28-02-2022 *\/\n.elementor-widget-image{text-align:center}.elementor-widget-image a{display:inline-block}.elementor-widget-image a img[src$=\".svg\"]{width:48px}.elementor-widget-image img{vertical-align:middle;display:inline-block}<\/style>\t\t\t\t\t\t\t\t\t\t\t\t<img width=\"269\" height=\"300\" src=\"https:\/\/thfmoto.se\/wp-content\/uploads\/2022\/03\/Bridgestone-Battlecross-X31-pair-269x300.png\" class=\"attachment-medium size-medium\" alt=\"\" loading=\"lazy\" srcset=\"https:\/\/thfmoto.se\/wp-content\/uploads\/2022\/03\/Bridgestone-Battlecross-X31-pair-269x300.png 269w, https:\/\/thfmoto.se\/wp-content\/uploads\/2022\/03\/Bridgestone-Battlecross-X31-pair-768x857.png 768w, https:\/\/thfmoto.se\/wp-content\/uploads\/2022\/03\/Bridgestone-Battlecross-X31-pair.png 860w\" sizes=\"(max-width: 269px) 100vw, 269px\" \/>\t\t\t\t\t\t\t\t\t\t\t\t\t\t\t<\/div>\n\t\t\t\t<\/div>\n\t\t\t\t\t<\/div>\n\t\t<\/div>\n\t\t\t\t\t\t\t<\/div>\n\t\t<\/section>\n\t\t\t\t<section class=\"elementor-section elementor-top-section elementor-element elementor-element-c366785 elementor-section-boxed elementor-section-height-default elementor-section-height-default\" data-id=\"c366785\" data-element_type=\"section\">\n\t\t\t\t\t\t<div class=\"elementor-container elementor-column-gap-default\">\n\t\t\t\t\t<div class=\"elementor-column elementor-col-50 elementor-top-column elementor-element elementor-element-b233056\" data-id=\"b233056\" data-element_type=\"column\">\n\t\t\t<div class=\"elementor-widget-wrap elementor-element-populated\">\n\t\t\t\t\t\t\t\t<div class=\"elementor-element elementor-element-2d337c7 elementor-widget elementor-widget-heading\" data-id=\"2d337c7\" data-element_type=\"widget\" data-widget_type=\"heading.default\">\n\t\t\t\t<div class=\"elementor-widget-container\">\n\t\t\t<h2 class=\"elementor-heading-title elementor-size-medium\">Battlecross X20<\/h2>\t\t<\/div>\n\t\t\t\t<\/div>\n\t\t\t\t<div class=\"elementor-element elementor-element-4ee2758 elementor-widget elementor-widget-text-editor\" data-id=\"4ee2758\" data-element_type=\"widget\" data-widget_type=\"text-editor.default\">\n\t\t\t\t<div class=\"elementor-widget-container\">\n\t\t\t\t\t\t\t<div class=\"product__details__list sc-bs-product\">\n<ul class=\"sc-bs-product\">\n<li class=\"sc-bs-product\">Dragkraft, dragkraft, dragkraft<\/li>\n<li class=\"sc-bs-product\">Pro krets teknik<\/li>\n<li class=\"sc-bs-product\">Fantastiskt grepp i kurvor<\/li>\n<li class=\"sc-bs-product\">Klara av<\/li>\n<li class=\"sc-bs-product\">Snabb och enkel montering<\/li>\n<\/ul>\n<\/div>\t\t\t\t\t\t<\/div>\n\t\t\t\t<\/div>\n\t\t\t\t<div class=\"elementor-element elementor-element-7aedca5 elementor-widget elementor-widget-button\" data-id=\"7aedca5\" data-element_type=\"widget\" data-widget_type=\"button.default\">\n\t\t\t\t<div class=\"elementor-widget-container\">\n\t\t\t\t\t<div class=\"elementor-button-wrapper\">\n\t\t\t<a href=\"https:\/\/www.bridgestone.se\/our-products\/motorcykel-daeck\/off-road\/battlecross-x20\" target=\"_blank\" class=\"elementor-button-link elementor-button elementor-size-sm\" role=\"button\">\n\t\t\t\t\t\t<span class=\"elementor-button-content-wrapper\">\n\t\t\t\t\t\t<span class=\"elementor-button-text\">Mer information<\/span>\n\t\t<\/span>\n\t\t\t\t\t<\/a>\n\t\t<\/div>\n\t\t\t\t<\/div>\n\t\t\t\t<\/div>\n\t\t\t\t\t<\/div>\n\t\t<\/div>\n\t\t\t\t<div class=\"elementor-column elementor-col-50 elementor-top-column elementor-element elementor-element-eb3eba0\" data-id=\"eb3eba0\" data-element_type=\"column\">\n\t\t\t<div class=\"elementor-widget-wrap elementor-element-populated\">\n\t\t\t\t\t\t\t\t<div class=\"elementor-element elementor-element-ab63e62 elementor-widget elementor-widget-image\" data-id=\"ab63e62\" data-element_type=\"widget\" data-widget_type=\"image.default\">\n\t\t\t\t<div class=\"elementor-widget-container\">\n\t\t\t\t\t\t\t\t\t\t\t\t\t\t\t<img width=\"269\" height=\"300\" src=\"https:\/\/thfmoto.se\/wp-content\/uploads\/2022\/03\/Bridgestone-Battlecross-X20-pair-269x300.png\" class=\"attachment-medium size-medium\" alt=\"\" loading=\"lazy\" srcset=\"https:\/\/thfmoto.se\/wp-content\/uploads\/2022\/03\/Bridgestone-Battlecross-X20-pair-269x300.png 269w, https:\/\/thfmoto.se\/wp-content\/uploads\/2022\/03\/Bridgestone-Battlecross-X20-pair-768x857.png 768w, https:\/\/thfmoto.se\/wp-content\/uploads\/2022\/03\/Bridgestone-Battlecross-X20-pair.png 860w\" sizes=\"(max-width: 269px) 100vw, 269px\" \/>\t\t\t\t\t\t\t\t\t\t\t\t\t\t\t<\/div>\n\t\t\t\t<\/div>\n\t\t\t\t\t<\/div>\n\t\t<\/div>\n\t\t\t\t\t\t\t<\/div>\n\t\t<\/section>\n\t\t\t\t<section class=\"elementor-section elementor-top-section elementor-element elementor-element-ace1e95 elementor-section-boxed elementor-section-height-default elementor-section-height-default\" data-id=\"ace1e95\" data-element_type=\"section\">\n\t\t\t\t\t\t<div class=\"elementor-container elementor-column-gap-default\">\n\t\t\t\t\t<div class=\"elementor-column elementor-col-50 elementor-top-column elementor-element elementor-element-c0507bb\" data-id=\"c0507bb\" data-element_type=\"column\">\n\t\t\t<div class=\"elementor-widget-wrap elementor-element-populated\">\n\t\t\t\t\t\t\t\t<div class=\"elementor-element elementor-element-6a5a4bd elementor-widget elementor-widget-heading\" data-id=\"6a5a4bd\" data-element_type=\"widget\" data-widget_type=\"heading.default\">\n\t\t\t\t<div class=\"elementor-widget-container\">\n\t\t\t<h2 class=\"elementor-heading-title elementor-size-medium\">Battlecross X30<\/h2>\t\t<\/div>\n\t\t\t\t<\/div>\n\t\t\t\t<div class=\"elementor-element elementor-element-01ccd38 elementor-widget elementor-widget-text-editor\" data-id=\"01ccd38\" data-element_type=\"widget\" data-widget_type=\"text-editor.default\">\n\t\t\t\t<div class=\"elementor-widget-container\">\n\t\t\t\t\t\t\t<div class=\"product__details__list sc-bs-product\">\n<ul class=\"sc-bs-product\">\n<li class=\"sc-bs-product\">Prestanda p\u00e5 alla niv\u00e5er<\/li>\n<li class=\"sc-bs-product\">Extra grepp<\/li>\n<li class=\"sc-bs-product\">Stabilitet utan motstycke<\/li>\n<li class=\"sc-bs-product\">F\u00f6rb\u00e4ttrad man\u00f6vrering<\/li>\n<li class=\"sc-bs-product\">Ut\u00f6kat sortiment<\/li>\n<\/ul>\n<\/div>\t\t\t\t\t\t<\/div>\n\t\t\t\t<\/div>\n\t\t\t\t<div class=\"elementor-element elementor-element-ae5f73f elementor-widget elementor-widget-button\" data-id=\"ae5f73f\" data-element_type=\"widget\" data-widget_type=\"button.default\">\n\t\t\t\t<div class=\"elementor-widget-container\">\n\t\t\t\t\t<div class=\"elementor-button-wrapper\">\n\t\t\t<a href=\"https:\/\/www.bridgestone.se\/our-products\/motorcykel-daeck\/off-road\/battlecross-x30\" target=\"_blank\" class=\"elementor-button-link elementor-button elementor-size-sm\" role=\"button\">\n\t\t\t\t\t\t<span class=\"elementor-button-content-wrapper\">\n\t\t\t\t\t\t<span class=\"elementor-button-text\">Mer information<\/span>\n\t\t<\/span>\n\t\t\t\t\t<\/a>\n\t\t<\/div>\n\t\t\t\t<\/div>\n\t\t\t\t<\/div>\n\t\t\t\t\t<\/div>\n\t\t<\/div>\n\t\t\t\t<div class=\"elementor-column elementor-col-50 elementor-top-column elementor-element elementor-element-d4318c6\" data-id=\"d4318c6\" data-element_type=\"column\">\n\t\t\t<div class=\"elementor-widget-wrap elementor-element-populated\">\n\t\t\t\t\t\t\t\t<div class=\"elementor-element elementor-element-2fa5d78 elementor-widget elementor-widget-image\" data-id=\"2fa5d78\" data-element_type=\"widget\" data-widget_type=\"image.default\">\n\t\t\t\t<div class=\"elementor-widget-container\">\n\t\t\t\t\t\t\t\t\t\t\t\t\t\t\t<img width=\"269\" height=\"300\" src=\"https:\/\/thfmoto.se\/wp-content\/uploads\/2022\/03\/Bridgestone-Battlecross-X30-pair-269x300.png\" class=\"attachment-medium size-medium\" alt=\"\" loading=\"lazy\" srcset=\"https:\/\/thfmoto.se\/wp-content\/uploads\/2022\/03\/Bridgestone-Battlecross-X30-pair-269x300.png 269w, https:\/\/thfmoto.se\/wp-content\/uploads\/2022\/03\/Bridgestone-Battlecross-X30-pair-768x857.png 768w, https:\/\/thfmoto.se\/wp-content\/uploads\/2022\/03\/Bridgestone-Battlecross-X30-pair.png 860w\" sizes=\"(max-width: 269px) 100vw, 269px\" \/>\t\t\t\t\t\t\t\t\t\t\t\t\t\t\t<\/div>\n\t\t\t\t<\/div>\n\t\t\t\t\t<\/div>\n\t\t<\/div>\n\t\t\t\t\t\t\t<\/div>\n\t\t<\/section>\n\t\t\t\t<section class=\"elementor-section elementor-top-section elementor-element elementor-element-b7a7458 elementor-section-boxed elementor-section-height-default elementor-section-height-default\" data-id=\"b7a7458\" data-element_type=\"section\">\n\t\t\t\t\t\t<div class=\"elementor-container elementor-column-gap-default\">\n\t\t\t\t\t<div class=\"elementor-column elementor-col-50 elementor-top-column elementor-element elementor-element-a90c638\" data-id=\"a90c638\" data-element_type=\"column\">\n\t\t\t<div class=\"elementor-widget-wrap elementor-element-populated\">\n\t\t\t\t\t\t\t\t<div class=\"elementor-element elementor-element-39c0efb elementor-widget elementor-widget-heading\" data-id=\"39c0efb\" data-element_type=\"widget\" data-widget_type=\"heading.default\">\n\t\t\t\t<div class=\"elementor-widget-container\">\n\t\t\t<h2 class=\"elementor-heading-title elementor-size-medium\">Battlecross X40<\/h2>\t\t<\/div>\n\t\t\t\t<\/div>\n\t\t\t\t<div class=\"elementor-element elementor-element-d09a917 elementor-widget elementor-widget-text-editor\" data-id=\"d09a917\" data-element_type=\"widget\" data-widget_type=\"text-editor.default\">\n\t\t\t\t<div class=\"elementor-widget-container\">\n\t\t\t\t\t\t\t<div class=\"product__details__list sc-bs-product\">\n<ul class=\"sc-bs-product\">\n<li class=\"sc-bs-product\">Snabb och h\u00e5rd prestanda<\/li>\n<li class=\"sc-bs-product\">Otroligt gensvar<\/li>\n<li class=\"sc-bs-product\">Flexibel prestanda<\/li>\n<li class=\"sc-bs-product\">Slitstark konstruktion<\/li>\n<li class=\"sc-bs-product\">Ut\u00f6kat sortiment<\/li>\n<\/ul>\n<\/div>\t\t\t\t\t\t<\/div>\n\t\t\t\t<\/div>\n\t\t\t\t<div class=\"elementor-element elementor-element-bca6311 elementor-widget elementor-widget-button\" data-id=\"bca6311\" data-element_type=\"widget\" data-widget_type=\"button.default\">\n\t\t\t\t<div class=\"elementor-widget-container\">\n\t\t\t\t\t<div class=\"elementor-button-wrapper\">\n\t\t\t<a href=\"https:\/\/www.bridgestone.se\/our-products\/motorcykel-daeck\/off-road\/battlecross-x40\" target=\"_blank\" class=\"elementor-button-link elementor-button elementor-size-sm\" role=\"button\">\n\t\t\t\t\t\t<span class=\"elementor-button-content-wrapper\">\n\t\t\t\t\t\t<span class=\"elementor-button-text\">Mer information<\/span>\n\t\t<\/span>\n\t\t\t\t\t<\/a>\n\t\t<\/div>\n\t\t\t\t<\/div>\n\t\t\t\t<\/div>\n\t\t\t\t\t<\/div>\n\t\t<\/div>\n\t\t\t\t<div class=\"elementor-column elementor-col-50 elementor-top-column elementor-element elementor-element-b49fd0d\" data-id=\"b49fd0d\" data-element_type=\"column\">\n\t\t\t<div class=\"elementor-widget-wrap elementor-element-populated\">\n\t\t\t\t\t\t\t\t<div class=\"elementor-element elementor-element-838efd7 elementor-widget elementor-widget-image\" data-id=\"838efd7\" data-element_type=\"widget\" data-widget_type=\"image.default\">\n\t\t\t\t<div class=\"elementor-widget-container\">\n\t\t\t\t\t\t\t\t\t\t\t\t\t\t\t<img width=\"269\" height=\"300\" src=\"https:\/\/thfmoto.se\/wp-content\/uploads\/2022\/03\/Bridgestone-Battlecross-X40-pair-269x300.png\" class=\"attachment-medium size-medium\" alt=\"\" loading=\"lazy\" srcset=\"https:\/\/thfmoto.se\/wp-content\/uploads\/2022\/03\/Bridgestone-Battlecross-X40-pair-269x300.png 269w, https:\/\/thfmoto.se\/wp-content\/uploads\/2022\/03\/Bridgestone-Battlecross-X40-pair-768x857.png 768w, https:\/\/thfmoto.se\/wp-content\/uploads\/2022\/03\/Bridgestone-Battlecross-X40-pair.png 860w\" sizes=\"(max-width: 269px) 100vw, 269px\" \/>\t\t\t\t\t\t\t\t\t\t\t\t\t\t\t<\/div>\n\t\t\t\t<\/div>\n\t\t\t\t\t<\/div>\n\t\t<\/div>\n\t\t\t\t\t\t\t<\/div>\n\t\t<\/section>\n\t\t\t\t<section class=\"elementor-section elementor-top-section elementor-element elementor-element-7050653 elementor-section-boxed elementor-section-height-default elementor-section-height-default\" data-id=\"7050653\" data-element_type=\"section\">\n\t\t\t\t\t\t<div class=\"elementor-container elementor-column-gap-default\">\n\t\t\t\t\t<div class=\"elementor-column elementor-col-100 elementor-top-column elementor-element elementor-element-25a46f0\" data-id=\"25a46f0\" data-element_type=\"column\">\n\t\t\t<div class=\"elementor-widget-wrap elementor-element-populated\">\n\t\t\t\t\t\t\t\t<div class=\"elementor-element elementor-element-a78b746 elementor-widget elementor-widget-button\" data-id=\"a78b746\" data-element_type=\"widget\" data-widget_type=\"button.default\">\n\t\t\t\t<div class=\"elementor-widget-container\">\n\t\t\t\t\t<div class=\"elementor-button-wrapper\">\n\t\t\t<a href=\"http:\/\/thfmoto.se\/?page_id=13\" class=\"elementor-button-link elementor-button elementor-size-sm\" role=\"button\">\n\t\t\t\t\t\t<span class=\"elementor-button-content-wrapper\">\n\t\t\t\t\t\t<span class=\"elementor-button-text\">Tillbaka<\/span>\n\t\t<\/span>\n\t\t\t\t\t<\/a>\n\t\t<\/div>\n\t\t\t\t<\/div>\n\t\t\t\t<\/div>\n\t\t\t\t\t<\/div>\n\t\t<\/div>\n\t\t\t\t\t\t\t<\/div>\n\t\t<\/section>\n\t\t\t\t\t\t<\/div>\n\t\t\t\t\t<\/div>\n\t\t","protected":false},"excerpt":{"rendered":"<p>Off Road D\u00e4ck Prestanda, m\u00e5ngsidig och banbrytande teknologi g\u00f6r det m\u00f6jligt att med Bridgestone&#8217;s off road-d\u00e4ck er\u00f6vra alla typer av terr\u00e4ng. Dessa d\u00e4ckmodeller har vi hemma p\u00e5 lager.\u00c4r du intresserad av andra s\u00e5 g\u00e5r det att best\u00e4lla, kontakta oss i s\u00e5 fall. Battlecross X31 &#8211; Nya Battlecross X31 \u00e4r Bridgestones senaste tillskott f\u00f6r terr\u00e4ngk\u00f6rning. Den&hellip;&nbsp;<a href=\"https:\/\/thfmoto.se\/?page_id=86\" class=\"\" rel=\"bookmark\">L\u00e4s mer &raquo;<span class=\"screen-reader-text\">Off road d\u00e4ck<\/span><\/a><\/p>\n","protected":false},"author":1,"featured_media":0,"parent":0,"menu_order":0,"comment_status":"closed","ping_status":"closed","template":"","meta":{"neve_meta_sidebar":"","neve_meta_container":"full-width","neve_meta_enable_content_width":"","neve_meta_content_width":0,"neve_meta_title_alignment":"","neve_meta_author_avatar":"","neve_post_elements_order":"","neve_meta_disable_header":"","neve_meta_disable_footer":"","neve_meta_disable_title":"on","_themeisle_gutenberg_block_has_review":false,"_ti_tpc_template_sync":false,"_ti_tpc_template_id":""},"_links":{"self":[{"href":"https:\/\/thfmoto.se\/index.php?rest_route=\/wp\/v2\/pages\/86"}],"collection":[{"href":"https:\/\/thfmoto.se\/index.php?rest_route=\/wp\/v2\/pages"}],"about":[{"href":"https:\/\/thfmoto.se\/index.php?rest_route=\/wp\/v2\/types\/page"}],"author":[{"embeddable":true,"href":"https:\/\/thfmoto.se\/index.php?rest_route=\/wp\/v2\/users\/1"}],"replies":[{"embeddable":true,"href":"https:\/\/thfmoto.se\/index.php?rest_route=%2Fwp%2Fv2%2Fcomments&post=86"}],"version-history":[{"count":50,"href":"https:\/\/thfmoto.se\/index.php?rest_route=\/wp\/v2\/pages\/86\/revisions"}],"predecessor-version":[{"id":401,"href":"https:\/\/thfmoto.se\/index.php?rest_route=\/wp\/v2\/pages\/86\/revisions\/401"}],"wp:attachment":[{"href":"https:\/\/thfmoto.se\/index.php?rest_route=%2Fwp%2Fv2%2Fmedia&parent=86"}],"curies":[{"name":"wp","href":"https:\/\/api.w.org\/{rel}","templated":true}]}}