{"id":82,"date":"2019-04-18T18:49:31","date_gmt":"2019-04-18T18:49:31","guid":{"rendered":"http:\/\/thfmoto.se\/?page_id=82"},"modified":"2023-01-02T07:25:39","modified_gmt":"2023-01-02T07:25:39","slug":"racingdack","status":"publish","type":"page","link":"https:\/\/thfmoto.se\/?page_id=82","title":{"rendered":"Racingd\u00e4ck"},"content":{"rendered":"\t\t<div data-elementor-type=\"wp-page\" data-elementor-id=\"82\" class=\"elementor elementor-82\" data-elementor-settings=\"[]\">\n\t\t\t\t\t\t\t<div class=\"elementor-section-wrap\">\n\t\t\t\t\t\t\t<section class=\"elementor-section elementor-top-section elementor-element elementor-element-a53f608 elementor-section-boxed elementor-section-height-default elementor-section-height-default\" data-id=\"a53f608\" data-element_type=\"section\" data-settings=\"{&quot;background_background&quot;:&quot;classic&quot;,&quot;shape_divider_bottom&quot;:&quot;tilt&quot;}\">\n\t\t\t\t\t<div class=\"elementor-shape elementor-shape-bottom\" data-negative=\"false\">\n\t\t\t<svg xmlns=\"http:\/\/www.w3.org\/2000\/svg\" viewBox=\"0 0 1000 100\" preserveAspectRatio=\"none\">\n\t<path class=\"elementor-shape-fill\" d=\"M0,6V0h1000v100L0,6z\"\/>\n<\/svg>\t\t<\/div>\n\t\t\t\t\t<div class=\"elementor-container elementor-column-gap-default\">\n\t\t\t\t\t<div class=\"elementor-column elementor-col-100 elementor-top-column elementor-element elementor-element-654b1b9e\" data-id=\"654b1b9e\" data-element_type=\"column\">\n\t\t\t<div class=\"elementor-widget-wrap elementor-element-populated\">\n\t\t\t\t\t\t\t\t<div class=\"elementor-element elementor-element-29b88bd elementor-widget elementor-widget-heading\" data-id=\"29b88bd\" data-element_type=\"widget\" data-widget_type=\"heading.default\">\n\t\t\t\t<div class=\"elementor-widget-container\">\n\t\t\t<style>\/*! elementor - v3.5.6 - 28-02-2022 *\/\n.elementor-heading-title{padding:0;margin:0;line-height:1}.elementor-widget-heading .elementor-heading-title[class*=elementor-size-]>a{color:inherit;font-size:inherit;line-height:inherit}.elementor-widget-heading .elementor-heading-title.elementor-size-small{font-size:15px}.elementor-widget-heading .elementor-heading-title.elementor-size-medium{font-size:19px}.elementor-widget-heading .elementor-heading-title.elementor-size-large{font-size:29px}.elementor-widget-heading .elementor-heading-title.elementor-size-xl{font-size:39px}.elementor-widget-heading .elementor-heading-title.elementor-size-xxl{font-size:59px}<\/style><h1 class=\"elementor-heading-title elementor-size-xxl\">Racingd\u00e4ck<\/h1>\t\t<\/div>\n\t\t\t\t<\/div>\n\t\t\t\t<div class=\"elementor-element elementor-element-7fba4fb8 elementor-widget elementor-widget-text-editor\" data-id=\"7fba4fb8\" data-element_type=\"widget\" data-widget_type=\"text-editor.default\">\n\t\t\t\t<div class=\"elementor-widget-container\">\n\t\t\t<style>\/*! elementor - v3.5.6 - 28-02-2022 *\/\n.elementor-widget-text-editor.elementor-drop-cap-view-stacked .elementor-drop-cap{background-color:#818a91;color:#fff}.elementor-widget-text-editor.elementor-drop-cap-view-framed .elementor-drop-cap{color:#818a91;border:3px solid;background-color:transparent}.elementor-widget-text-editor:not(.elementor-drop-cap-view-default) .elementor-drop-cap{margin-top:8px}.elementor-widget-text-editor:not(.elementor-drop-cap-view-default) .elementor-drop-cap-letter{width:1em;height:1em}.elementor-widget-text-editor .elementor-drop-cap{float:left;text-align:center;line-height:1;font-size:50px}.elementor-widget-text-editor .elementor-drop-cap-letter{display:inline-block}<\/style>\t\t\t\t<p style=\"text-align: center;\"><strong>Racingd\u00e4ck i v\u00e4rldsklass som inkluderar den senaste avancerade teknologin och som levererar utm\u00e4rkt grepp och k\u00f6rk\u00e4nsla p\u00e5 banan.<\/strong><\/p>\t\t\t\t\t\t<\/div>\n\t\t\t\t<\/div>\n\t\t\t\t\t<\/div>\n\t\t<\/div>\n\t\t\t\t\t\t\t<\/div>\n\t\t<\/section>\n\t\t\t\t<section class=\"elementor-section elementor-top-section elementor-element elementor-element-5fc8ca5 elementor-section-boxed elementor-section-height-default elementor-section-height-default\" data-id=\"5fc8ca5\" data-element_type=\"section\">\n\t\t\t\t\t\t<div class=\"elementor-container elementor-column-gap-default\">\n\t\t\t\t\t<div class=\"elementor-column elementor-col-100 elementor-top-column elementor-element elementor-element-e1eeed8\" data-id=\"e1eeed8\" data-element_type=\"column\">\n\t\t\t<div class=\"elementor-widget-wrap elementor-element-populated\">\n\t\t\t\t\t\t\t\t<div class=\"elementor-element elementor-element-a3c410c elementor-widget elementor-widget-text-editor\" data-id=\"a3c410c\" data-element_type=\"widget\" data-widget_type=\"text-editor.default\">\n\t\t\t\t<div class=\"elementor-widget-container\">\n\t\t\t\t\t\t\t<p><!-- wp:heading {\"level\":3} --><\/p>\n<p><strong>R\u00e4ttsligt meddelande:<\/strong><br \/>Varning: Alla NHS-motorcykeld\u00e4ck (inte f\u00f6r motorv\u00e4gsk\u00f6rning) \u00e4r endast f\u00f6r ren racing och kan inte anv\u00e4ndas p\u00e5 allm\u00e4nna v\u00e4gar. D\u00e4rf\u00f6r finns det ingen officiell homologering. Ta en titt p\u00e5 Racing Sortimentet eller Off Road Sortimentet.<\/p>\n<p><!-- \/wp:paragraph --><\/p>\n<p><!-- wp:paragraph {\"fontSize\":\"small\"} --><\/p>\n<p class=\"has-small-font-size\"><strong><em>Dessa d\u00e4ckmodeller har vi hemma p\u00e5 lager.<\/em><\/strong><br \/><strong><em>\u00c4r du intresserad av andra s\u00e5 g\u00e5r det att best\u00e4lla, kontakta oss i s\u00e5 fall.<\/em><\/strong><\/p>\n<p><!-- \/wp:paragraph --><\/p>\n<p><!-- wp:block {\"ref\":\"reusable116\"} \/--><\/p>\t\t\t\t\t\t<\/div>\n\t\t\t\t<\/div>\n\t\t\t\t\t<\/div>\n\t\t<\/div>\n\t\t\t\t\t\t\t<\/div>\n\t\t<\/section>\n\t\t\t\t<section class=\"elementor-section elementor-top-section elementor-element elementor-element-af3462f elementor-section-boxed elementor-section-height-default elementor-section-height-default\" data-id=\"af3462f\" data-element_type=\"section\">\n\t\t\t\t\t\t<div class=\"elementor-container elementor-column-gap-default\">\n\t\t\t\t\t<div class=\"elementor-column elementor-col-50 elementor-top-column elementor-element elementor-element-9b465d1\" data-id=\"9b465d1\" data-element_type=\"column\">\n\t\t\t<div class=\"elementor-widget-wrap elementor-element-populated\">\n\t\t\t\t\t\t\t\t<div class=\"elementor-element elementor-element-1728722 elementor-widget elementor-widget-heading\" data-id=\"1728722\" data-element_type=\"widget\" data-widget_type=\"heading.default\">\n\t\t\t\t<div class=\"elementor-widget-container\">\n\t\t\t<h2 class=\"elementor-heading-title elementor-size-medium\">Battlax Racing V02<\/h2>\t\t<\/div>\n\t\t\t\t<\/div>\n\t\t\t\t<div class=\"elementor-element elementor-element-15b185d elementor-widget elementor-widget-text-editor\" data-id=\"15b185d\" data-element_type=\"widget\" data-widget_type=\"text-editor.default\">\n\t\t\t\t<div class=\"elementor-widget-container\">\n\t\t\t\t\t\t\t<div class=\"product__details__list sc-bs-product\">\n<ul class=\"sc-bs-product\">\n<li class=\"sc-bs-product\">Fart, fart, fart<\/li>\n<li class=\"sc-bs-product\">Supersnabb man\u00f6vrering<\/li>\n<li class=\"sc-bs-product\">Suver\u00e4n kurvtagningsf\u00f6rm\u00e5ga<\/li>\n<li class=\"sc-bs-product\">F\u00f6rb\u00e4ttrad uppv\u00e4rmning<\/li>\n<li class=\"sc-bs-product\">M\u00e5ngsidiga blandningar<\/li>\n<\/ul>\n<\/div>\t\t\t\t\t\t<\/div>\n\t\t\t\t<\/div>\n\t\t\t\t<div class=\"elementor-element elementor-element-7214f8f elementor-widget elementor-widget-button\" data-id=\"7214f8f\" data-element_type=\"widget\" data-widget_type=\"button.default\">\n\t\t\t\t<div class=\"elementor-widget-container\">\n\t\t\t\t\t<div class=\"elementor-button-wrapper\">\n\t\t\t<a href=\"https:\/\/www.bridgestone.se\/our-products\/motorcykel-daeck\/race\/battlax-racing-v02\" target=\"_blank\" class=\"elementor-button-link elementor-button elementor-size-sm\" role=\"button\">\n\t\t\t\t\t\t<span class=\"elementor-button-content-wrapper\">\n\t\t\t\t\t\t<span class=\"elementor-button-text\">Mer information<\/span>\n\t\t<\/span>\n\t\t\t\t\t<\/a>\n\t\t<\/div>\n\t\t\t\t<\/div>\n\t\t\t\t<\/div>\n\t\t\t\t\t<\/div>\n\t\t<\/div>\n\t\t\t\t<div class=\"elementor-column elementor-col-50 elementor-top-column elementor-element elementor-element-660f576\" data-id=\"660f576\" data-element_type=\"column\">\n\t\t\t<div class=\"elementor-widget-wrap elementor-element-populated\">\n\t\t\t\t\t\t\t\t<div class=\"elementor-element elementor-element-716d07b elementor-widget elementor-widget-image\" data-id=\"716d07b\" data-element_type=\"widget\" data-widget_type=\"image.default\">\n\t\t\t\t<div class=\"elementor-widget-container\">\n\t\t\t<style>\/*! elementor - v3.5.6 - 28-02-2022 *\/\n.elementor-widget-image{text-align:center}.elementor-widget-image a{display:inline-block}.elementor-widget-image a img[src$=\".svg\"]{width:48px}.elementor-widget-image img{vertical-align:middle;display:inline-block}<\/style>\t\t\t\t\t\t\t\t\t\t\t\t<img width=\"269\" height=\"300\" src=\"https:\/\/thfmoto.se\/wp-content\/uploads\/2022\/03\/Bridgestone-Battlax-Racing-V02-pair-269x300.png\" class=\"attachment-medium size-medium\" alt=\"\" loading=\"lazy\" srcset=\"https:\/\/thfmoto.se\/wp-content\/uploads\/2022\/03\/Bridgestone-Battlax-Racing-V02-pair-269x300.png 269w, https:\/\/thfmoto.se\/wp-content\/uploads\/2022\/03\/Bridgestone-Battlax-Racing-V02-pair-768x857.png 768w, https:\/\/thfmoto.se\/wp-content\/uploads\/2022\/03\/Bridgestone-Battlax-Racing-V02-pair.png 860w\" sizes=\"(max-width: 269px) 100vw, 269px\" \/>\t\t\t\t\t\t\t\t\t\t\t\t\t\t\t<\/div>\n\t\t\t\t<\/div>\n\t\t\t\t\t<\/div>\n\t\t<\/div>\n\t\t\t\t\t\t\t<\/div>\n\t\t<\/section>\n\t\t\t\t<section class=\"elementor-section elementor-top-section elementor-element elementor-element-b1551e8 elementor-section-boxed elementor-section-height-default elementor-section-height-default\" data-id=\"b1551e8\" data-element_type=\"section\">\n\t\t\t\t\t\t<div class=\"elementor-container elementor-column-gap-default\">\n\t\t\t\t\t<div class=\"elementor-column elementor-col-50 elementor-top-column elementor-element elementor-element-c2a51a2\" data-id=\"c2a51a2\" data-element_type=\"column\">\n\t\t\t<div class=\"elementor-widget-wrap elementor-element-populated\">\n\t\t\t\t\t\t\t\t<div class=\"elementor-element elementor-element-5767add elementor-widget elementor-widget-heading\" data-id=\"5767add\" data-element_type=\"widget\" data-widget_type=\"heading.default\">\n\t\t\t\t<div class=\"elementor-widget-container\">\n\t\t\t<h2 class=\"elementor-heading-title elementor-size-medium\">Battlax R11<\/h2>\t\t<\/div>\n\t\t\t\t<\/div>\n\t\t\t\t<div class=\"elementor-element elementor-element-e4e2515 elementor-widget elementor-widget-text-editor\" data-id=\"e4e2515\" data-element_type=\"widget\" data-widget_type=\"text-editor.default\">\n\t\t\t\t<div class=\"elementor-widget-container\">\n\t\t\t\t\t\t\t<ul>\n<li>Kontaktk\u00e4nslan in i sv\u00e4ng<\/li>\n<li>Grepp vid bromsning och acceleration<\/li>\n<li>Konsekvent<\/li>\n<li>Brett spann<\/li>\n<\/ul>\t\t\t\t\t\t<\/div>\n\t\t\t\t<\/div>\n\t\t\t\t<div class=\"elementor-element elementor-element-d4674af elementor-widget elementor-widget-button\" data-id=\"d4674af\" data-element_type=\"widget\" data-widget_type=\"button.default\">\n\t\t\t\t<div class=\"elementor-widget-container\">\n\t\t\t\t\t<div class=\"elementor-button-wrapper\">\n\t\t\t<a href=\"https:\/\/www.bridgestone.se\/our-products\/motorcykel-daeck\/race\/battlax-r11\" target=\"_blank\" class=\"elementor-button-link elementor-button elementor-size-sm\" role=\"button\">\n\t\t\t\t\t\t<span class=\"elementor-button-content-wrapper\">\n\t\t\t\t\t\t<span class=\"elementor-button-text\">Mer information<\/span>\n\t\t<\/span>\n\t\t\t\t\t<\/a>\n\t\t<\/div>\n\t\t\t\t<\/div>\n\t\t\t\t<\/div>\n\t\t\t\t\t<\/div>\n\t\t<\/div>\n\t\t\t\t<div class=\"elementor-column elementor-col-50 elementor-top-column elementor-element elementor-element-a50cfb0\" data-id=\"a50cfb0\" data-element_type=\"column\">\n\t\t\t<div class=\"elementor-widget-wrap elementor-element-populated\">\n\t\t\t\t\t\t\t\t<div class=\"elementor-element elementor-element-12164e6 elementor-widget elementor-widget-image\" data-id=\"12164e6\" data-element_type=\"widget\" data-widget_type=\"image.default\">\n\t\t\t\t<div class=\"elementor-widget-container\">\n\t\t\t\t\t\t\t\t\t\t\t\t\t\t\t<img width=\"269\" height=\"300\" src=\"https:\/\/thfmoto.se\/wp-content\/uploads\/2022\/03\/BATTLAX_R11_pair-269x300.png\" class=\"attachment-medium size-medium\" alt=\"\" loading=\"lazy\" srcset=\"https:\/\/thfmoto.se\/wp-content\/uploads\/2022\/03\/BATTLAX_R11_pair-269x300.png 269w, https:\/\/thfmoto.se\/wp-content\/uploads\/2022\/03\/BATTLAX_R11_pair-768x857.png 768w, https:\/\/thfmoto.se\/wp-content\/uploads\/2022\/03\/BATTLAX_R11_pair.png 860w\" sizes=\"(max-width: 269px) 100vw, 269px\" \/>\t\t\t\t\t\t\t\t\t\t\t\t\t\t\t<\/div>\n\t\t\t\t<\/div>\n\t\t\t\t\t<\/div>\n\t\t<\/div>\n\t\t\t\t\t\t\t<\/div>\n\t\t<\/section>\n\t\t\t\t<section class=\"elementor-section elementor-top-section elementor-element elementor-element-2dfabe2 elementor-section-boxed elementor-section-height-default elementor-section-height-default\" data-id=\"2dfabe2\" data-element_type=\"section\">\n\t\t\t\t\t\t<div class=\"elementor-container elementor-column-gap-default\">\n\t\t\t\t\t<div class=\"elementor-column elementor-col-50 elementor-top-column elementor-element elementor-element-525ac83\" data-id=\"525ac83\" data-element_type=\"column\">\n\t\t\t<div class=\"elementor-widget-wrap elementor-element-populated\">\n\t\t\t\t\t\t\t\t<div class=\"elementor-element elementor-element-7a89974 elementor-widget elementor-widget-heading\" data-id=\"7a89974\" data-element_type=\"widget\" data-widget_type=\"heading.default\">\n\t\t\t\t<div class=\"elementor-widget-container\">\n\t\t\t<h2 class=\"elementor-heading-title elementor-size-medium\">Battlax Racing CR11<\/h2>\t\t<\/div>\n\t\t\t\t<\/div>\n\t\t\t\t<div class=\"elementor-element elementor-element-04935df elementor-widget elementor-widget-text-editor\" data-id=\"04935df\" data-element_type=\"widget\" data-widget_type=\"text-editor.default\">\n\t\t\t\t<div class=\"elementor-widget-container\">\n\t\t\t\t\t\t\t<div class=\"product__details__list sc-bs-product\">\n<ul class=\"sc-bs-product\">\n<li class=\"sc-bs-product\">Bevisat vinnande d\u00e4ck<\/li>\n<li class=\"sc-bs-product\">Konstant prestanda under d\u00e4ckets hela livstid<\/li>\n<li class=\"sc-bs-product\">Snabb uppv\u00e4rmning<\/li>\n<li class=\"sc-bs-product\">Respons och precision<\/li>\n<\/ul>\n<\/div>\t\t\t\t\t\t<\/div>\n\t\t\t\t<\/div>\n\t\t\t\t<div class=\"elementor-element elementor-element-e113927 elementor-widget elementor-widget-button\" data-id=\"e113927\" data-element_type=\"widget\" data-widget_type=\"button.default\">\n\t\t\t\t<div class=\"elementor-widget-container\">\n\t\t\t\t\t<div class=\"elementor-button-wrapper\">\n\t\t\t<a href=\"https:\/\/www.bridgestone.se\/motorcykel-daeck\/race\/battlax-racing-cr11\" target=\"_blank\" class=\"elementor-button-link elementor-button elementor-size-sm\" role=\"button\">\n\t\t\t\t\t\t<span class=\"elementor-button-content-wrapper\">\n\t\t\t\t\t\t<span class=\"elementor-button-text\">Mer information<\/span>\n\t\t<\/span>\n\t\t\t\t\t<\/a>\n\t\t<\/div>\n\t\t\t\t<\/div>\n\t\t\t\t<\/div>\n\t\t\t\t\t<\/div>\n\t\t<\/div>\n\t\t\t\t<div class=\"elementor-column elementor-col-50 elementor-top-column elementor-element elementor-element-a9c6eea\" data-id=\"a9c6eea\" data-element_type=\"column\">\n\t\t\t<div class=\"elementor-widget-wrap elementor-element-populated\">\n\t\t\t\t\t\t\t\t<div class=\"elementor-element elementor-element-9ba0766 elementor-widget elementor-widget-image\" data-id=\"9ba0766\" data-element_type=\"widget\" data-widget_type=\"image.default\">\n\t\t\t\t<div class=\"elementor-widget-container\">\n\t\t\t\t\t\t\t\t\t\t\t\t\t\t\t<img width=\"269\" height=\"300\" src=\"https:\/\/thfmoto.se\/wp-content\/uploads\/2022\/03\/Bridgestone-Battlax-Racing-CR11-Pair-269x300.png\" class=\"attachment-medium size-medium\" alt=\"\" loading=\"lazy\" srcset=\"https:\/\/thfmoto.se\/wp-content\/uploads\/2022\/03\/Bridgestone-Battlax-Racing-CR11-Pair-269x300.png 269w, https:\/\/thfmoto.se\/wp-content\/uploads\/2022\/03\/Bridgestone-Battlax-Racing-CR11-Pair-768x857.png 768w, https:\/\/thfmoto.se\/wp-content\/uploads\/2022\/03\/Bridgestone-Battlax-Racing-CR11-Pair.png 860w\" sizes=\"(max-width: 269px) 100vw, 269px\" \/>\t\t\t\t\t\t\t\t\t\t\t\t\t\t\t<\/div>\n\t\t\t\t<\/div>\n\t\t\t\t\t<\/div>\n\t\t<\/div>\n\t\t\t\t\t\t\t<\/div>\n\t\t<\/section>\n\t\t\t\t<section class=\"elementor-section elementor-top-section elementor-element elementor-element-a567277 elementor-section-boxed elementor-section-height-default elementor-section-height-default\" data-id=\"a567277\" data-element_type=\"section\">\n\t\t\t\t\t\t<div class=\"elementor-container elementor-column-gap-default\">\n\t\t\t\t\t<div class=\"elementor-column elementor-col-50 elementor-top-column elementor-element elementor-element-40c080f\" data-id=\"40c080f\" data-element_type=\"column\">\n\t\t\t<div class=\"elementor-widget-wrap elementor-element-populated\">\n\t\t\t\t\t\t\t\t<div class=\"elementor-element elementor-element-5f9ba0a elementor-widget elementor-widget-heading\" data-id=\"5f9ba0a\" data-element_type=\"widget\" data-widget_type=\"heading.default\">\n\t\t\t\t<div class=\"elementor-widget-container\">\n\t\t\t<h2 class=\"elementor-heading-title elementor-size-medium\">Battlax Racing W01<\/h2>\t\t<\/div>\n\t\t\t\t<\/div>\n\t\t\t\t<div class=\"elementor-element elementor-element-a9f8b6d elementor-widget elementor-widget-text-editor\" data-id=\"a9f8b6d\" data-element_type=\"widget\" data-widget_type=\"text-editor.default\">\n\t\t\t\t<div class=\"elementor-widget-container\">\n\t\t\t\t\t\t\t<div class=\"product__details__list sc-bs-product\">\n<ul class=\"sc-bs-product\">\n<li class=\"sc-bs-product\">Vinnare i v\u00e4ta<\/li>\n<li class=\"sc-bs-product\">Tillf\u00f6rlitlighet och bra grepp<\/li>\n<li class=\"sc-bs-product\">Superb dr\u00e4nering<\/li>\n<li class=\"sc-bs-product\">\u00d6verl\u00e4gsen v\u00e4gh\u00e5llning och precision<\/li>\n<li class=\"sc-bs-product\">N\u00e5r optimal temperatur snabbare<\/li>\n<\/ul>\n<\/div>\t\t\t\t\t\t<\/div>\n\t\t\t\t<\/div>\n\t\t\t\t<div class=\"elementor-element elementor-element-4450b0e elementor-widget elementor-widget-button\" data-id=\"4450b0e\" data-element_type=\"widget\" data-widget_type=\"button.default\">\n\t\t\t\t<div class=\"elementor-widget-container\">\n\t\t\t\t\t<div class=\"elementor-button-wrapper\">\n\t\t\t<a href=\"https:\/\/www.bridgestone.se\/our-products\/motorcykel-daeck\/race\/battlax-racing-w01\" target=\"_blank\" class=\"elementor-button-link elementor-button elementor-size-sm\" role=\"button\">\n\t\t\t\t\t\t<span class=\"elementor-button-content-wrapper\">\n\t\t\t\t\t\t<span class=\"elementor-button-text\">Mer information<\/span>\n\t\t<\/span>\n\t\t\t\t\t<\/a>\n\t\t<\/div>\n\t\t\t\t<\/div>\n\t\t\t\t<\/div>\n\t\t\t\t\t<\/div>\n\t\t<\/div>\n\t\t\t\t<div class=\"elementor-column elementor-col-50 elementor-top-column elementor-element elementor-element-7b35d4b\" data-id=\"7b35d4b\" data-element_type=\"column\">\n\t\t\t<div class=\"elementor-widget-wrap elementor-element-populated\">\n\t\t\t\t\t\t\t\t<div class=\"elementor-element elementor-element-7e143f6 elementor-widget elementor-widget-image\" data-id=\"7e143f6\" data-element_type=\"widget\" data-widget_type=\"image.default\">\n\t\t\t\t<div class=\"elementor-widget-container\">\n\t\t\t\t\t\t\t\t\t\t\t\t\t\t\t<img width=\"269\" height=\"300\" src=\"https:\/\/thfmoto.se\/wp-content\/uploads\/2022\/03\/Bridgestone-Battlax-Racing-W01-pair-269x300.png\" class=\"attachment-medium size-medium\" alt=\"\" loading=\"lazy\" srcset=\"https:\/\/thfmoto.se\/wp-content\/uploads\/2022\/03\/Bridgestone-Battlax-Racing-W01-pair-269x300.png 269w, https:\/\/thfmoto.se\/wp-content\/uploads\/2022\/03\/Bridgestone-Battlax-Racing-W01-pair-768x857.png 768w, https:\/\/thfmoto.se\/wp-content\/uploads\/2022\/03\/Bridgestone-Battlax-Racing-W01-pair.png 860w\" sizes=\"(max-width: 269px) 100vw, 269px\" \/>\t\t\t\t\t\t\t\t\t\t\t\t\t\t\t<\/div>\n\t\t\t\t<\/div>\n\t\t\t\t\t<\/div>\n\t\t<\/div>\n\t\t\t\t\t\t\t<\/div>\n\t\t<\/section>\n\t\t\t\t<section class=\"elementor-section elementor-top-section elementor-element elementor-element-827386a elementor-section-boxed elementor-section-height-default elementor-section-height-default\" data-id=\"827386a\" data-element_type=\"section\">\n\t\t\t\t\t\t<div class=\"elementor-container elementor-column-gap-default\">\n\t\t\t\t\t<div class=\"elementor-column elementor-col-100 elementor-top-column elementor-element elementor-element-72215b6\" data-id=\"72215b6\" data-element_type=\"column\">\n\t\t\t<div class=\"elementor-widget-wrap elementor-element-populated\">\n\t\t\t\t\t\t\t\t<div class=\"elementor-element elementor-element-9ebd5a5 elementor-align-left elementor-widget elementor-widget-button\" data-id=\"9ebd5a5\" data-element_type=\"widget\" data-widget_type=\"button.default\">\n\t\t\t\t<div class=\"elementor-widget-container\">\n\t\t\t\t\t<div class=\"elementor-button-wrapper\">\n\t\t\t<a href=\"https:\/\/www.thfmoto.se\" class=\"elementor-button-link elementor-button elementor-size-sm\" role=\"button\">\n\t\t\t\t\t\t<span class=\"elementor-button-content-wrapper\">\n\t\t\t\t\t\t<span class=\"elementor-button-text\">Tillbaka<\/span>\n\t\t<\/span>\n\t\t\t\t\t<\/a>\n\t\t<\/div>\n\t\t\t\t<\/div>\n\t\t\t\t<\/div>\n\t\t\t\t\t<\/div>\n\t\t<\/div>\n\t\t\t\t\t\t\t<\/div>\n\t\t<\/section>\n\t\t\t\t\t\t<\/div>\n\t\t\t\t\t<\/div>\n\t\t","protected":false},"excerpt":{"rendered":"<p>Racingd\u00e4ck Racingd\u00e4ck i v\u00e4rldsklass som inkluderar den senaste avancerade teknologin och som levererar utm\u00e4rkt grepp och k\u00f6rk\u00e4nsla p\u00e5 banan. R\u00e4ttsligt meddelande:Varning: Alla NHS-motorcykeld\u00e4ck (inte f\u00f6r motorv\u00e4gsk\u00f6rning) \u00e4r endast f\u00f6r ren racing och kan inte anv\u00e4ndas p\u00e5 allm\u00e4nna v\u00e4gar. D\u00e4rf\u00f6r finns det ingen officiell homologering. Ta en titt p\u00e5 Racing Sortimentet eller Off Road Sortimentet. Dessa&hellip;&nbsp;<a href=\"https:\/\/thfmoto.se\/?page_id=82\" class=\"\" rel=\"bookmark\">L\u00e4s mer &raquo;<span class=\"screen-reader-text\">Racingd\u00e4ck<\/span><\/a><\/p>\n","protected":false},"author":1,"featured_media":0,"parent":0,"menu_order":0,"comment_status":"closed","ping_status":"closed","template":"","meta":{"neve_meta_sidebar":"","neve_meta_container":"full-width","neve_meta_enable_content_width":"","neve_meta_content_width":0,"neve_meta_title_alignment":"","neve_meta_author_avatar":"","neve_post_elements_order":"","neve_meta_disable_header":"","neve_meta_disable_footer":"","neve_meta_disable_title":"on","_themeisle_gutenberg_block_has_review":false,"_ti_tpc_template_sync":false,"_ti_tpc_template_id":""},"_links":{"self":[{"href":"https:\/\/thfmoto.se\/index.php?rest_route=\/wp\/v2\/pages\/82"}],"collection":[{"href":"https:\/\/thfmoto.se\/index.php?rest_route=\/wp\/v2\/pages"}],"about":[{"href":"https:\/\/thfmoto.se\/index.php?rest_route=\/wp\/v2\/types\/page"}],"author":[{"embeddable":true,"href":"https:\/\/thfmoto.se\/index.php?rest_route=\/wp\/v2\/users\/1"}],"replies":[{"embeddable":true,"href":"https:\/\/thfmoto.se\/index.php?rest_route=%2Fwp%2Fv2%2Fcomments&post=82"}],"version-history":[{"count":54,"href":"https:\/\/thfmoto.se\/index.php?rest_route=\/wp\/v2\/pages\/82\/revisions"}],"predecessor-version":[{"id":395,"href":"https:\/\/thfmoto.se\/index.php?rest_route=\/wp\/v2\/pages\/82\/revisions\/395"}],"wp:attachment":[{"href":"https:\/\/thfmoto.se\/index.php?rest_route=%2Fwp%2Fv2%2Fmedia&parent=82"}],"curies":[{"name":"wp","href":"https:\/\/api.w.org\/{rel}","templated":true}]}}