{"id":212,"date":"2022-03-21T10:42:01","date_gmt":"2022-03-21T10:42:01","guid":{"rendered":"http:\/\/thfmoto.se\/?page_id=212"},"modified":"2023-01-02T07:29:14","modified_gmt":"2023-01-02T07:29:14","slug":"gatudack","status":"publish","type":"page","link":"https:\/\/thfmoto.se\/?page_id=212","title":{"rendered":"Sportd\u00e4ck"},"content":{"rendered":"\t\t<div data-elementor-type=\"wp-page\" data-elementor-id=\"212\" class=\"elementor elementor-212\" data-elementor-settings=\"[]\">\n\t\t\t\t\t\t\t<div class=\"elementor-section-wrap\">\n\t\t\t\t\t\t\t<section class=\"elementor-section elementor-top-section elementor-element elementor-element-259a200 elementor-section-boxed elementor-section-height-default elementor-section-height-default\" data-id=\"259a200\" data-element_type=\"section\" data-settings=\"{&quot;background_background&quot;:&quot;classic&quot;,&quot;shape_divider_bottom&quot;:&quot;tilt&quot;}\">\n\t\t\t\t\t<div class=\"elementor-shape elementor-shape-bottom\" data-negative=\"false\">\n\t\t\t<svg xmlns=\"http:\/\/www.w3.org\/2000\/svg\" viewBox=\"0 0 1000 100\" preserveAspectRatio=\"none\">\n\t<path class=\"elementor-shape-fill\" d=\"M0,6V0h1000v100L0,6z\"\/>\n<\/svg>\t\t<\/div>\n\t\t\t\t\t<div class=\"elementor-container elementor-column-gap-default\">\n\t\t\t\t\t<div class=\"elementor-column elementor-col-100 elementor-top-column elementor-element elementor-element-f288890\" data-id=\"f288890\" data-element_type=\"column\">\n\t\t\t<div class=\"elementor-widget-wrap elementor-element-populated\">\n\t\t\t\t\t\t\t\t<div class=\"elementor-element elementor-element-c889a35 elementor-widget elementor-widget-heading\" data-id=\"c889a35\" data-element_type=\"widget\" data-widget_type=\"heading.default\">\n\t\t\t\t<div class=\"elementor-widget-container\">\n\t\t\t<style>\/*! elementor - v3.5.6 - 28-02-2022 *\/\n.elementor-heading-title{padding:0;margin:0;line-height:1}.elementor-widget-heading .elementor-heading-title[class*=elementor-size-]>a{color:inherit;font-size:inherit;line-height:inherit}.elementor-widget-heading .elementor-heading-title.elementor-size-small{font-size:15px}.elementor-widget-heading .elementor-heading-title.elementor-size-medium{font-size:19px}.elementor-widget-heading .elementor-heading-title.elementor-size-large{font-size:29px}.elementor-widget-heading .elementor-heading-title.elementor-size-xl{font-size:39px}.elementor-widget-heading .elementor-heading-title.elementor-size-xxl{font-size:59px}<\/style><h1 class=\"elementor-heading-title elementor-size-xxl\">Sportd\u00e4ck<\/h1>\t\t<\/div>\n\t\t\t\t<\/div>\n\t\t\t\t<div class=\"elementor-element elementor-element-d1a592c elementor-widget elementor-widget-text-editor\" data-id=\"d1a592c\" data-element_type=\"widget\" data-widget_type=\"text-editor.default\">\n\t\t\t\t<div class=\"elementor-widget-container\">\n\t\t\t<style>\/*! elementor - v3.5.6 - 28-02-2022 *\/\n.elementor-widget-text-editor.elementor-drop-cap-view-stacked .elementor-drop-cap{background-color:#818a91;color:#fff}.elementor-widget-text-editor.elementor-drop-cap-view-framed .elementor-drop-cap{color:#818a91;border:3px solid;background-color:transparent}.elementor-widget-text-editor:not(.elementor-drop-cap-view-default) .elementor-drop-cap{margin-top:8px}.elementor-widget-text-editor:not(.elementor-drop-cap-view-default) .elementor-drop-cap-letter{width:1em;height:1em}.elementor-widget-text-editor .elementor-drop-cap{float:left;text-align:center;line-height:1;font-size:50px}.elementor-widget-text-editor .elementor-drop-cap-letter{display:inline-block}<\/style>\t\t\t\t<p style=\"text-align: center;\"><strong>Upplev potentialen hos din sportmotorcykel med Bridgestone. Det h\u00e4r dedikerade utbudet fokuserar p\u00e5 grepp, prestanda p\u00e5 v\u00e5tv\u00e4g och reducerat d\u00e4ckslitage.<\/strong><\/p>\t\t\t\t\t\t<\/div>\n\t\t\t\t<\/div>\n\t\t\t\t\t<\/div>\n\t\t<\/div>\n\t\t\t\t\t\t\t<\/div>\n\t\t<\/section>\n\t\t\t\t<section class=\"elementor-section elementor-top-section elementor-element elementor-element-5ecd2b8 elementor-section-boxed elementor-section-height-default elementor-section-height-default\" data-id=\"5ecd2b8\" data-element_type=\"section\">\n\t\t\t\t\t\t<div class=\"elementor-container elementor-column-gap-default\">\n\t\t\t\t\t<div class=\"elementor-column elementor-col-50 elementor-top-column elementor-element elementor-element-edb68ad\" data-id=\"edb68ad\" data-element_type=\"column\">\n\t\t\t<div class=\"elementor-widget-wrap elementor-element-populated\">\n\t\t\t\t\t\t\t\t<div class=\"elementor-element elementor-element-274e7e3 elementor-widget elementor-widget-heading\" data-id=\"274e7e3\" data-element_type=\"widget\" data-widget_type=\"heading.default\">\n\t\t\t\t<div class=\"elementor-widget-container\">\n\t\t\t<h2 class=\"elementor-heading-title elementor-size-medium\">Battlax RS11<\/h2>\t\t<\/div>\n\t\t\t\t<\/div>\n\t\t\t\t<div class=\"elementor-element elementor-element-eda3d34 elementor-widget elementor-widget-text-editor\" data-id=\"eda3d34\" data-element_type=\"widget\" data-widget_type=\"text-editor.default\">\n\t\t\t\t<div class=\"elementor-widget-container\">\n\t\t\t\t\t\t\t<div class=\"product__details__list sc-bs-product\">\n<ul class=\"sc-bs-product\">\n<li class=\"sc-bs-product\">20 % h\u00f6gre grepp och 10 % b\u00e4ttre f\u00e4ste<\/li>\n<li class=\"sc-bs-product\">Fr\u00e5n t\u00e4vlingsbanan till v\u00e4gen utan kompromisser<\/li>\n<li class=\"sc-bs-product\">2 sekunder snabbare p\u00e5 ett 2-minuters varv<\/li>\n<\/ul>\n<\/div>\t\t\t\t\t\t<\/div>\n\t\t\t\t<\/div>\n\t\t\t\t<div class=\"elementor-element elementor-element-be9d5d1 elementor-widget elementor-widget-button\" data-id=\"be9d5d1\" data-element_type=\"widget\" data-widget_type=\"button.default\">\n\t\t\t\t<div class=\"elementor-widget-container\">\n\t\t\t\t\t<div class=\"elementor-button-wrapper\">\n\t\t\t<a href=\"https:\/\/www.bridgestone.se\/our-products\/motorcykel-daeck\/sport\/battlax-rs11\" target=\"_blank\" class=\"elementor-button-link elementor-button elementor-size-sm\" role=\"button\">\n\t\t\t\t\t\t<span class=\"elementor-button-content-wrapper\">\n\t\t\t\t\t\t<span class=\"elementor-button-text\">Mer information<\/span>\n\t\t<\/span>\n\t\t\t\t\t<\/a>\n\t\t<\/div>\n\t\t\t\t<\/div>\n\t\t\t\t<\/div>\n\t\t\t\t\t<\/div>\n\t\t<\/div>\n\t\t\t\t<div class=\"elementor-column elementor-col-50 elementor-top-column elementor-element elementor-element-d3a06b1\" data-id=\"d3a06b1\" data-element_type=\"column\">\n\t\t\t<div class=\"elementor-widget-wrap elementor-element-populated\">\n\t\t\t\t\t\t\t\t<div class=\"elementor-element elementor-element-cbe14ca elementor-widget elementor-widget-image\" data-id=\"cbe14ca\" data-element_type=\"widget\" data-widget_type=\"image.default\">\n\t\t\t\t<div class=\"elementor-widget-container\">\n\t\t\t<style>\/*! elementor - v3.5.6 - 28-02-2022 *\/\n.elementor-widget-image{text-align:center}.elementor-widget-image a{display:inline-block}.elementor-widget-image a img[src$=\".svg\"]{width:48px}.elementor-widget-image img{vertical-align:middle;display:inline-block}<\/style>\t\t\t\t\t\t\t\t\t\t\t\t<img width=\"269\" height=\"300\" src=\"https:\/\/thfmoto.se\/wp-content\/uploads\/2022\/03\/Bridgestone-Battlax-RS11-pair-269x300.png\" class=\"attachment-medium size-medium\" alt=\"\" loading=\"lazy\" srcset=\"https:\/\/thfmoto.se\/wp-content\/uploads\/2022\/03\/Bridgestone-Battlax-RS11-pair-269x300.png 269w, https:\/\/thfmoto.se\/wp-content\/uploads\/2022\/03\/Bridgestone-Battlax-RS11-pair-768x857.png 768w, https:\/\/thfmoto.se\/wp-content\/uploads\/2022\/03\/Bridgestone-Battlax-RS11-pair.png 860w\" sizes=\"(max-width: 269px) 100vw, 269px\" \/>\t\t\t\t\t\t\t\t\t\t\t\t\t\t\t<\/div>\n\t\t\t\t<\/div>\n\t\t\t\t\t<\/div>\n\t\t<\/div>\n\t\t\t\t\t\t\t<\/div>\n\t\t<\/section>\n\t\t\t\t<section class=\"elementor-section elementor-top-section elementor-element elementor-element-ca17f44 elementor-section-boxed elementor-section-height-default elementor-section-height-default\" data-id=\"ca17f44\" data-element_type=\"section\">\n\t\t\t\t\t\t<div class=\"elementor-container elementor-column-gap-default\">\n\t\t\t\t\t<div class=\"elementor-column elementor-col-50 elementor-top-column elementor-element elementor-element-489b1c1\" data-id=\"489b1c1\" data-element_type=\"column\">\n\t\t\t<div class=\"elementor-widget-wrap elementor-element-populated\">\n\t\t\t\t\t\t\t\t<div class=\"elementor-element elementor-element-5858d69 elementor-widget elementor-widget-heading\" data-id=\"5858d69\" data-element_type=\"widget\" data-widget_type=\"heading.default\">\n\t\t\t\t<div class=\"elementor-widget-container\">\n\t\t\t<h2 class=\"elementor-heading-title elementor-size-medium\">Battlax RS10<\/h2>\t\t<\/div>\n\t\t\t\t<\/div>\n\t\t\t\t<div class=\"elementor-element elementor-element-347104f elementor-widget elementor-widget-text-editor\" data-id=\"347104f\" data-element_type=\"widget\" data-widget_type=\"text-editor.default\">\n\t\t\t\t<div class=\"elementor-widget-container\">\n\t\t\t\t\t\t\t<div class=\"product__details__list sc-bs-product\">\n<ul class=\"sc-bs-product\">\n<li class=\"sc-bs-product\">Omdefinera dina gr\u00e4nser<\/li>\n<li class=\"sc-bs-product\">Riktig Sportprestanda<\/li>\n<li class=\"sc-bs-product\">F\u00f6rtroendeingivande hantering<\/li>\n<li class=\"sc-bs-product\">Grepp, grepp och mera grepp<\/li>\n<li class=\"sc-bs-product\">Optimerad torrprestanda<\/li>\n<\/ul>\n<\/div>\t\t\t\t\t\t<\/div>\n\t\t\t\t<\/div>\n\t\t\t\t<div class=\"elementor-element elementor-element-0941bd2 elementor-widget elementor-widget-button\" data-id=\"0941bd2\" data-element_type=\"widget\" data-widget_type=\"button.default\">\n\t\t\t\t<div class=\"elementor-widget-container\">\n\t\t\t\t\t<div class=\"elementor-button-wrapper\">\n\t\t\t<a href=\"https:\/\/www.bridgestone.se\/our-products\/motorcykel-daeck\/sport\/battlax-rs10\" target=\"_blank\" class=\"elementor-button-link elementor-button elementor-size-sm\" role=\"button\">\n\t\t\t\t\t\t<span class=\"elementor-button-content-wrapper\">\n\t\t\t\t\t\t<span class=\"elementor-button-text\">Mer information<\/span>\n\t\t<\/span>\n\t\t\t\t\t<\/a>\n\t\t<\/div>\n\t\t\t\t<\/div>\n\t\t\t\t<\/div>\n\t\t\t\t\t<\/div>\n\t\t<\/div>\n\t\t\t\t<div class=\"elementor-column elementor-col-50 elementor-top-column elementor-element elementor-element-4b52253\" data-id=\"4b52253\" data-element_type=\"column\">\n\t\t\t<div class=\"elementor-widget-wrap elementor-element-populated\">\n\t\t\t\t\t\t\t\t<div class=\"elementor-element elementor-element-183449f elementor-widget elementor-widget-image\" data-id=\"183449f\" data-element_type=\"widget\" data-widget_type=\"image.default\">\n\t\t\t\t<div class=\"elementor-widget-container\">\n\t\t\t\t\t\t\t\t\t\t\t\t\t\t\t<img width=\"269\" height=\"300\" src=\"https:\/\/thfmoto.se\/wp-content\/uploads\/2022\/03\/Bridgestone-Battlax-RS10-pair-269x300.png\" class=\"attachment-medium size-medium\" alt=\"\" loading=\"lazy\" srcset=\"https:\/\/thfmoto.se\/wp-content\/uploads\/2022\/03\/Bridgestone-Battlax-RS10-pair-269x300.png 269w, https:\/\/thfmoto.se\/wp-content\/uploads\/2022\/03\/Bridgestone-Battlax-RS10-pair-768x857.png 768w, https:\/\/thfmoto.se\/wp-content\/uploads\/2022\/03\/Bridgestone-Battlax-RS10-pair.png 860w\" sizes=\"(max-width: 269px) 100vw, 269px\" \/>\t\t\t\t\t\t\t\t\t\t\t\t\t\t\t<\/div>\n\t\t\t\t<\/div>\n\t\t\t\t\t<\/div>\n\t\t<\/div>\n\t\t\t\t\t\t\t<\/div>\n\t\t<\/section>\n\t\t\t\t<section class=\"elementor-section elementor-top-section elementor-element elementor-element-71fc603 elementor-section-boxed elementor-section-height-default elementor-section-height-default\" data-id=\"71fc603\" data-element_type=\"section\">\n\t\t\t\t\t\t<div class=\"elementor-container elementor-column-gap-default\">\n\t\t\t\t\t<div class=\"elementor-column elementor-col-50 elementor-top-column elementor-element elementor-element-05b2053\" data-id=\"05b2053\" data-element_type=\"column\">\n\t\t\t<div class=\"elementor-widget-wrap elementor-element-populated\">\n\t\t\t\t\t\t\t\t<div class=\"elementor-element elementor-element-777b257 elementor-widget elementor-widget-heading\" data-id=\"777b257\" data-element_type=\"widget\" data-widget_type=\"heading.default\">\n\t\t\t\t<div class=\"elementor-widget-container\">\n\t\t\t<h2 class=\"elementor-heading-title elementor-size-medium\">Battlax S22<\/h2>\t\t<\/div>\n\t\t\t\t<\/div>\n\t\t\t\t<div class=\"elementor-element elementor-element-134a401 elementor-widget elementor-widget-text-editor\" data-id=\"134a401\" data-element_type=\"widget\" data-widget_type=\"text-editor.default\">\n\t\t\t\t<div class=\"elementor-widget-container\">\n\t\t\t\t\t\t\t<div class=\"product__details__list sc-bs-product\">\n<ul class=\"sc-bs-product\">\n<li class=\"sc-bs-product\">K\u00f6rgl\u00e4dje oavsett v\u00e4derf\u00f6rh\u00e5llanden<\/li>\n<li class=\"sc-bs-product\">Extrem kurvtagning<\/li>\n<li class=\"sc-bs-product\">Ett d\u00e4ck med m\u00e5nga mil<\/li>\n<li class=\"sc-bs-product\">Inga kompromisser med s\u00e4kerheten<\/li>\n<\/ul>\n<\/div>\t\t\t\t\t\t<\/div>\n\t\t\t\t<\/div>\n\t\t\t\t<div class=\"elementor-element elementor-element-d7b126a elementor-widget elementor-widget-button\" data-id=\"d7b126a\" data-element_type=\"widget\" data-widget_type=\"button.default\">\n\t\t\t\t<div class=\"elementor-widget-container\">\n\t\t\t\t\t<div class=\"elementor-button-wrapper\">\n\t\t\t<a href=\"https:\/\/www.bridgestone.se\/our-products\/motorcykel-daeck\/sport\/battlax-s21\" target=\"_blank\" class=\"elementor-button-link elementor-button elementor-size-sm\" role=\"button\">\n\t\t\t\t\t\t<span class=\"elementor-button-content-wrapper\">\n\t\t\t\t\t\t<span class=\"elementor-button-text\">Mer information<\/span>\n\t\t<\/span>\n\t\t\t\t\t<\/a>\n\t\t<\/div>\n\t\t\t\t<\/div>\n\t\t\t\t<\/div>\n\t\t\t\t<div class=\"elementor-element elementor-element-e45f95d elementor-widget elementor-widget-button\" data-id=\"e45f95d\" data-element_type=\"widget\" data-widget_type=\"button.default\">\n\t\t\t\t<div class=\"elementor-widget-container\">\n\t\t\t\t\t<div class=\"elementor-button-wrapper\">\n\t\t\t<a href=\"http:\/\/thfmoto.se\/?page_id=13\" target=\"_blank\" class=\"elementor-button-link elementor-button elementor-size-sm\" role=\"button\">\n\t\t\t\t\t\t<span class=\"elementor-button-content-wrapper\">\n\t\t\t\t\t\t<span class=\"elementor-button-text\">Tillbaka<\/span>\n\t\t<\/span>\n\t\t\t\t\t<\/a>\n\t\t<\/div>\n\t\t\t\t<\/div>\n\t\t\t\t<\/div>\n\t\t\t\t\t<\/div>\n\t\t<\/div>\n\t\t\t\t<div class=\"elementor-column elementor-col-50 elementor-top-column elementor-element elementor-element-f69fff1\" data-id=\"f69fff1\" data-element_type=\"column\">\n\t\t\t<div class=\"elementor-widget-wrap elementor-element-populated\">\n\t\t\t\t\t\t\t\t<div class=\"elementor-element elementor-element-d2ea56a elementor-widget elementor-widget-image\" data-id=\"d2ea56a\" data-element_type=\"widget\" data-widget_type=\"image.default\">\n\t\t\t\t<div class=\"elementor-widget-container\">\n\t\t\t\t\t\t\t\t\t\t\t\t\t\t\t<img width=\"269\" height=\"300\" src=\"https:\/\/thfmoto.se\/wp-content\/uploads\/2022\/03\/Bridgestone-Battlax-S21-pair-269x300.png\" class=\"attachment-medium size-medium\" alt=\"\" loading=\"lazy\" srcset=\"https:\/\/thfmoto.se\/wp-content\/uploads\/2022\/03\/Bridgestone-Battlax-S21-pair-269x300.png 269w, https:\/\/thfmoto.se\/wp-content\/uploads\/2022\/03\/Bridgestone-Battlax-S21-pair-768x857.png 768w, https:\/\/thfmoto.se\/wp-content\/uploads\/2022\/03\/Bridgestone-Battlax-S21-pair.png 860w\" sizes=\"(max-width: 269px) 100vw, 269px\" \/>\t\t\t\t\t\t\t\t\t\t\t\t\t\t\t<\/div>\n\t\t\t\t<\/div>\n\t\t\t\t\t<\/div>\n\t\t<\/div>\n\t\t\t\t\t\t\t<\/div>\n\t\t<\/section>\n\t\t\t\t\t\t<\/div>\n\t\t\t\t\t<\/div>\n\t\t","protected":false},"excerpt":{"rendered":"<p>Sportd\u00e4ck Upplev potentialen hos din sportmotorcykel med Bridgestone. Det h\u00e4r dedikerade utbudet fokuserar p\u00e5 grepp, prestanda p\u00e5 v\u00e5tv\u00e4g och reducerat d\u00e4ckslitage. Battlax RS11 20 % h\u00f6gre grepp och 10 % b\u00e4ttre f\u00e4ste Fr\u00e5n t\u00e4vlingsbanan till v\u00e4gen utan kompromisser 2 sekunder snabbare p\u00e5 ett 2-minuters varv Mer information Battlax RS10 Omdefinera dina gr\u00e4nser Riktig Sportprestanda F\u00f6rtroendeingivande&hellip;&nbsp;<a href=\"https:\/\/thfmoto.se\/?page_id=212\" class=\"\" rel=\"bookmark\">L\u00e4s mer &raquo;<span class=\"screen-reader-text\">Sportd\u00e4ck<\/span><\/a><\/p>\n","protected":false},"author":1,"featured_media":0,"parent":0,"menu_order":0,"comment_status":"closed","ping_status":"closed","template":"","meta":{"neve_meta_sidebar":"","neve_meta_container":"full-width","neve_meta_enable_content_width":"","neve_meta_content_width":0,"neve_meta_title_alignment":"","neve_meta_author_avatar":"","neve_post_elements_order":"","neve_meta_disable_header":"","neve_meta_disable_footer":"","neve_meta_disable_title":"on","_themeisle_gutenberg_block_has_review":false,"_ti_tpc_template_sync":false,"_ti_tpc_template_id":""},"_links":{"self":[{"href":"https:\/\/thfmoto.se\/index.php?rest_route=\/wp\/v2\/pages\/212"}],"collection":[{"href":"https:\/\/thfmoto.se\/index.php?rest_route=\/wp\/v2\/pages"}],"about":[{"href":"https:\/\/thfmoto.se\/index.php?rest_route=\/wp\/v2\/types\/page"}],"author":[{"embeddable":true,"href":"https:\/\/thfmoto.se\/index.php?rest_route=\/wp\/v2\/users\/1"}],"replies":[{"embeddable":true,"href":"https:\/\/thfmoto.se\/index.php?rest_route=%2Fwp%2Fv2%2Fcomments&post=212"}],"version-history":[{"count":28,"href":"https:\/\/thfmoto.se\/index.php?rest_route=\/wp\/v2\/pages\/212\/revisions"}],"predecessor-version":[{"id":404,"href":"https:\/\/thfmoto.se\/index.php?rest_route=\/wp\/v2\/pages\/212\/revisions\/404"}],"wp:attachment":[{"href":"https:\/\/thfmoto.se\/index.php?rest_route=%2Fwp%2Fv2%2Fmedia&parent=212"}],"curies":[{"name":"wp","href":"https:\/\/api.w.org\/{rel}","templated":true}]}}